{"id":3,"date":"2025-01-29T00:27:34","date_gmt":"2025-01-29T00:27:34","guid":{"rendered":"http:\/\/gator2001\/cgi\/addon_GT.cgi?s=GT::WP::Install::Cpanel+%28topchann%29+-+127.0.0.1+%5Bnocaller%5D\/?page_id=3"},"modified":"2025-04-01T12:15:12","modified_gmt":"2025-04-01T12:15:12","slug":"privacy-policy","status":"publish","type":"page","link":"https:\/\/guiaya.com.pa\/es\/privacy-policy\/","title":{"rendered":"Pol\u00edtica De Privacidad"},"content":{"rendered":"<div data-elementor-type=\"wp-page\" data-elementor-id=\"3\" class=\"elementor elementor-3\">\n\t\t\t\t\t\t<section class=\"elementor-section elementor-top-section elementor-element elementor-element-198989f5 elementor-section-boxed elementor-section-height-default elementor-section-height-default\" data-id=\"198989f5\" data-element_type=\"section\" data-e-type=\"section\">\n\t\t\t\t\t\t<div class=\"elementor-container elementor-column-gap-default\">\n\t\t\t\t\t<div class=\"elementor-column elementor-col-100 elementor-top-column elementor-element elementor-element-44e39047\" data-id=\"44e39047\" data-element_type=\"column\" data-e-type=\"column\">\n\t\t\t<div class=\"elementor-widget-wrap elementor-element-populated\">\n\t\t\t\t\n\t\t<div class=\"elementor-element elementor-element-3efffc73 elementor-widget elementor-widget-text-editor\" data-id=\"3efffc73\" data-element_type=\"widget\" data-e-type=\"widget\" data-widget_type=\"text-editor.default\">\n\t\t\t\t<div class=\"elementor-widget-container\">\n\t\t\t\t\t\t\t\t\t<br \/>\n\t\t\t\t\t\t\t\t<\/div>\n\t\t\t\t<\/div>\n\t\t\t\t\t<\/div>\n\t\t<\/div>\n\t\t\t\t\t<\/div>\n\t\t<\/section>\n\t\t<div class=\"elementor-element elementor-element-5d5ac75 e-flex e-con-boxed e-con e-parent\" data-id=\"5d5ac75\" data-element_type=\"container\" data-e-type=\"container\">\n\t\t\t\t\t<div class=\"e-con-inner\">\n\t\t\t\t<div class=\"elementor-element elementor-element-7bd56a0 elementor-widget elementor-widget-html\" data-id=\"7bd56a0\" data-element_type=\"widget\" data-e-type=\"widget\" data-widget_type=\"html.default\">\n\t\t\t\t<div class=\"elementor-widget-container\">\n\t\t\t\t\t<!DOCTYPE html>\n<html lang=\"es\">\n<head>\n    <meta charset=\"UTF-8\">\n    <meta name=\"viewport\" content=\"width=device-width, initial-scale=1.0\">\n    <style>\n        .privacy-container {\n            font-family: 'Segoe UI', Tahoma, Geneva, Verdana, sans-serif;\n            max-width: 900px;\n            margin: 0 auto;\n            padding: 20px;\n            color: #333;\n            line-height: 1.6;\n        }\n        \n        .privacy-header {\n            text-align: center;\n            margin-bottom: 30px;\n            border-bottom: 2px solid #4C33FF;\n            padding-bottom: 15px;\n        }\n        \n        .privacy-title {\n            color: #4C33FF;\n            font-size: 32px;\n            margin-bottom: 10px;\n        }\n        \n        .privacy-section {\n            margin-bottom: 25px;\n        }\n        \n        .privacy-section-title {\n            color: #4C33FF;\n            font-size: 20px;\n            font-weight: 600;\n            margin-bottom: 10px;\n            display: flex;\n            align-items: center;\n        }\n        \n        .privacy-section-title::before {\n            content: \"\";\n            display: inline-block;\n            width: 8px;\n            height: 8px;\n            background-color: #4C33FF;\n            margin-right: 10px;\n            border-radius: 50%;\n        }\n        \n        .privacy-content {\n            text-align: justify;\n            padding-left: 18px;\n        }\n        \n        .privacy-footer {\n            margin-top: 40px;\n            text-align: center;\n            font-size: 14px;\n            color: #666;\n            border-top: 1px solid #ddd;\n            padding-top: 20px;\n        }\n        \n        @media (max-width: 768px) {\n            .privacy-container {\n                padding: 15px;\n            }\n            \n            .privacy-title {\n                font-size: 26px;\n            }\n            \n            .privacy-section-title {\n                font-size: 18px;\n            }\n        }\n    <\/style>\n<\/head>\n<body>\n    <div class=\"privacy-container\">\n        <div class=\"privacy-header\">\n            <h1 class=\"privacy-title\">Pol\u00edtica De Privacidad<\/h1>\n        <\/div>\n        \n        <div class=\"privacy-section\">\n            <h2 class=\"privacy-section-title\">1. Introducci\u00f3n<\/h2>\n            <div class=\"privacy-content\">\n                <p>GuiaYa se compromete al respeto a la privacidad de la informaci\u00f3n. Esta pol\u00edtica de privacidad se ocupa de la informaci\u00f3n personal identificable (designada como \"datos\") que es recogida por nosotros en nuestro sitio.<\/p>\n            <\/div>\n        <\/div>\n        \n        <div class=\"privacy-section\">\n            <h2 class=\"privacy-section-title\">2. Recolecci\u00f3n de datos<\/h2>\n            <div class=\"privacy-content\">\n                <p>Nuestro proceso de registro requiere de una direcci\u00f3n v\u00e1lida de E-mail, una identificaci\u00f3n del usuario y una contrase\u00f1a. En algunos casos es posible que solicitemos fecha de nacimiento y g\u00e9nero, as\u00ed como pruebas de verificaci\u00f3n de identidad, las cuales usted se compromete a proveer para poder acceder a nuestros servicios.<\/p>\n                <p>El nombre de usuario, u otras sumisiones que el usuario realice de informaci\u00f3n que puedan contener nombre, apellido, n\u00famero de identificaci\u00f3n personal, direcci\u00f3n de domicilio, correo electr\u00f3nico, n\u00famero de tel\u00e9fono, fecha de nacimiento o g\u00e9nero, as\u00ed como m\u00e9todos de pago proporcionados u otra informaci\u00f3n personal identificable, pueden aparecer en este sitio. Como muchos sitios de internet, podemos tambi\u00e9n recibir autom\u00e1ticamente la informaci\u00f3n de car\u00e1cter general como la direcci\u00f3n IP o informaci\u00f3n proveniente de cookies.<\/p>\n                <p>GuiaYa puede enviar notificaciones o mensajes a usuarios a trav\u00e9s de correo electr\u00f3nico, WhatsApp, push notifications o SMS. Usted declara que acepta que Guiaya le haga env\u00edo de estas notificaciones.<\/p>\n                <p>Adicionalmente, al proporcionar su informaci\u00f3n a trav\u00e9s de formularios de contacto, p\u00e1ginas de contacto o redes sociales asociadas a nuestra plataforma, usted acepta la creaci\u00f3n de una cuenta en GuiaYa con dicha informaci\u00f3n. Este proceso est\u00e1 dise\u00f1ado para facilitar la comunicaci\u00f3n y la transacci\u00f3n dentro de nuestro marketplace, asegurando una experiencia segura y sin inconvenientes para todos los usuarios.<\/p>\n            <\/div>\n        <\/div>\n        \n        <div class=\"privacy-section\">\n            <h2 class=\"privacy-section-title\">3. Consentimiento al uso de la informaci\u00f3n<\/h2>\n            <div class=\"privacy-content\">\n                <p>El registro de cuenta y publicaci\u00f3n de anuncios en GuiaYa implica que la informaci\u00f3n del anunciante estar\u00e1 disponible p\u00fablicamente en nuestra red de sitios a fin de facilitar a los potenciales consumidores interesados el contacto con el anunciante.<\/p>\n                <p>Al realizar el registro el usuario acepta que GuiaYa pueda suministrar o compartir informaci\u00f3n y datos recolectados de su cuenta y sus cuentas relacionadas con las autoridades, en los casos que as\u00ed lo estime conveniente o bajo solicitud expresa de estas.<\/p>\n                <p>El usuario acepta que GuiaYa pueda usar algoritmos que nos permitan entender sus preferencias de acuerdo con la navegaci\u00f3n que usted realice en la p\u00e1gina y as\u00ed poder hacerle recomendaciones que mejoren su experiencia en el sitio o aplicaciones de GuiaYa.<\/p>\n            <\/div>\n        <\/div>\n        \n        <div class=\"privacy-section\">\n            <h2 class=\"privacy-section-title\">4. Condiciones del consentimiento y eliminaci\u00f3n de cuenta<\/h2>\n            <div class=\"privacy-content\">\n                <p>Los usuarios registrados que deseen la eliminaci\u00f3n de su cuenta pueden requerirlo por cualquiera de nuestros canales de contacto. Este proceso puede tardar entre 3 y 5 d\u00edas h\u00e1biles. En casos de emergencia, la eliminaci\u00f3n de una cuenta puede ser solicitada v\u00eda tel\u00e9fono. En caso de eliminaci\u00f3n de una cuenta, Guiaya despublicar\u00e1 la informaci\u00f3n del usuario y sus anuncios de la red de sitios.<\/p>\n            <\/div>\n        <\/div>\n        \n        <div class=\"privacy-section\">\n            <h2 class=\"privacy-section-title\">5. Uso de datos<\/h2>\n            <div class=\"privacy-content\">\n                <p>Guiaya puede utilizar datos para modificar y mejorar la experiencia del usuario. El uso de datos no se compartir\u00e1 con terceros a menos que:<\/p>\n                <ul style=\"list-style-type: disc; margin-left: 20px;\">\n                    <li>Se prevea de otra manera dentro de esta pol\u00edtica de privacidad.<\/li>\n                    <li>Obtengamos consentimiento, por ejemplo, cuando un usuario elige OPT-in o OPT-out para compartir datos.<\/li>\n                    <li>Un servicio proporcionado en nuestro sitio requiera la interacci\u00f3n con estos datos o un servicio proporcionado por terceros para el correcto funcionamiento de los servicios y productos en el sitio.<\/li>\n                    <li>Conforme a la aplicaci\u00f3n legal del proceso o de ley.<\/li>\n                    <li>Se determine que con el uso de este sitio alg\u00fan usuario viola nuestras pol\u00edticas, t\u00e9rminos del servicio, otras pautas de uso o seg\u00fan lo juzgado razonablemente necesario por nosotros para proteger nuestros derechos legales y\/o propiedad.<\/li>\n                    <li>Este sitio sea comprado por terceros, por lo que esos terceros puedan utilizar los datos de manera semejante a nosotros seg\u00fan lo dispuesto en las pol\u00edticas de GuiaYa.<\/li>\n                <\/ul>\n            <\/div>\n        <\/div>\n        \n        <div class=\"privacy-section\">\n            <h2 class=\"privacy-section-title\">6. Cookies<\/h2>\n            <div class=\"privacy-content\">\n                <p>Utilizamos cookies para mejorar la experiencia de usuario. Las cookies utilizadas en nuestro sitio est\u00e1n listadas en nuestra pol\u00edtica de Cookies. <a href=\"#\" style=\"color: #4C33FF; text-decoration: none; font-weight: bold;\"><\/a>.<\/p>\n            <\/div>\n        <\/div>\n        \n        <div class=\"privacy-section\">\n            <h2 class=\"privacy-section-title\">7. Ni\u00f1os<\/h2>\n            <div class=\"privacy-content\">\n                <p>No se permite a personas menores de trece (13) a\u00f1os ser miembros de este sitio.<\/p>\n            <\/div>\n        <\/div>\n        \n        <div class=\"privacy-section\">\n            <h2 class=\"privacy-section-title\">8. Corrigiendo o retirando su informaci\u00f3n de la cuenta<\/h2>\n            <div class=\"privacy-content\">\n                <p>Todos los usuarios de GuiaYa pueden editar su informaci\u00f3n personal de su cuenta, as\u00ed como solicitar la cancelaci\u00f3n de su cuenta.<\/p>\n            <\/div>\n        <\/div>\n        \n        <div class=\"privacy-section\">\n            <h2 class=\"privacy-section-title\">9. Cambios a esta pol\u00edtica de privacidad<\/h2>\n            <div class=\"privacy-content\">\n                <p>GuiaYa puede realizar cambios a esta Pol\u00edtica de Privacidad en cualquier momento sin previo aviso y sin que esto signifique alguna responsabilidad de nuestra parte. Notificaremos cambios sustanciales a esta pol\u00edtica modific\u00e1ndola en nuestro sitio y mediante comunicaciones v\u00eda correo a nuestros usuarios.<\/p>\n            <\/div>\n        <\/div>\n        \n        <div class=\"privacy-section\">\n            <h2 class=\"privacy-section-title\">10. No ofrecemos Garant\u00edas<\/h2>\n            <div class=\"privacy-content\">\n                <p>Si bien esta Pol\u00edtica de Privacidad indica nuestros est\u00e1ndares para el mantenimiento de datos y nuestros esfuerzos por protegerlos, no estamos en una posici\u00f3n para garantizar estos est\u00e1ndares. Puede haber factores fuera de nuestro control que puedan dar lugar al acceso no autorizado a los datos. Por consiguiente, negamos cualquier garant\u00eda o representaci\u00f3n referente al mantenimiento o protecci\u00f3n de los datos.<\/p>\n            <\/div>\n        <\/div>\n        \n        <div class=\"privacy-section\">\n            <h2 class=\"privacy-section-title\">11. Solicitar borrar\/acceso a sus datos personales<\/h2>\n            <div class=\"privacy-content\">\n                <p>Nuestros usuarios tienen derecho a acceder, actualizar o eliminar su informaci\u00f3n personal cuando sea posible. Pueden hacerlo contact\u00e1ndonos a cualquiera de nuestros canales de atenci\u00f3n al cliente.<\/p>\n            <\/div>\n        <\/div>\n        \n        \n    <\/div>\n<\/body>\n<\/html>\t\t\t\t<\/div>\n\t\t\t\t<\/div>\n\t\t\t\t\t<\/div>\n\t\t\t\t<\/div>\n\t\t\t\t<\/div>","protected":false},"excerpt":{"rendered":"<p>Pol\u00edtica De Privacidad 1. Introducci\u00f3n GuiaYa se compromete al respeto a la privacidad de la informaci\u00f3n. Esta pol\u00edtica de privacidad se ocupa de la informaci\u00f3n personal identificable (designada como &#8220;datos&#8221;) [&hellip;]<\/p>\n","protected":false},"author":1,"featured_media":0,"parent":0,"menu_order":0,"comment_status":"closed","ping_status":"open","template":"","meta":{"_monsterinsights_skip_tracking":false,"_monsterinsights_sitenote_active":false,"_monsterinsights_sitenote_note":"","_monsterinsights_sitenote_category":0,"_uf_show_specific_survey":0,"_uf_disable_surveys":false,"footnotes":""},"class_list":["post-3","page","type-page","status-publish","hentry"],"cubewp_post_meta":[],"taxonomies":[],"_links":{"self":[{"href":"https:\/\/guiaya.com.pa\/es\/wp-json\/wp\/v2\/pages\/3","targetHints":{"allow":["GET"]}}],"collection":[{"href":"https:\/\/guiaya.com.pa\/es\/wp-json\/wp\/v2\/pages"}],"about":[{"href":"https:\/\/guiaya.com.pa\/es\/wp-json\/wp\/v2\/types\/page"}],"author":[{"embeddable":true,"href":"https:\/\/guiaya.com.pa\/es\/wp-json\/wp\/v2\/users\/1"}],"replies":[{"embeddable":true,"href":"https:\/\/guiaya.com.pa\/es\/wp-json\/wp\/v2\/comments?post=3"}],"version-history":[{"count":7,"href":"https:\/\/guiaya.com.pa\/es\/wp-json\/wp\/v2\/pages\/3\/revisions"}],"predecessor-version":[{"id":1402,"href":"https:\/\/guiaya.com.pa\/es\/wp-json\/wp\/v2\/pages\/3\/revisions\/1402"}],"wp:attachment":[{"href":"https:\/\/guiaya.com.pa\/es\/wp-json\/wp\/v2\/media?parent=3"}],"curies":[{"name":"wp","href":"https:\/\/api.w.org\/{rel}","templated":true}]}}