{"id":499,"date":"2025-02-22T23:28:42","date_gmt":"2025-02-22T23:28:42","guid":{"rendered":"https:\/\/guiaya.com.pa\/?page_id=499"},"modified":"2026-01-20T21:04:38","modified_gmt":"2026-01-21T02:04:38","slug":"eventos","status":"publish","type":"page","link":"https:\/\/guiaya.com.pa\/es\/eventos\/","title":{"rendered":"Eventos"},"content":{"rendered":"<div data-elementor-type=\"wp-page\" data-elementor-id=\"499\" class=\"elementor elementor-499\">\n\t\t\t\t<div class=\"elementor-element elementor-element-77e41cc e-flex e-con-boxed e-con e-parent\" data-id=\"77e41cc\" data-element_type=\"container\" data-e-type=\"container\">\n\t\t\t\t\t<div class=\"e-con-inner\">\n\t\t\t\t<div class=\"elementor-element elementor-element-988f3ce elementor-widget elementor-widget-heading\" data-id=\"988f3ce\" data-element_type=\"widget\" data-e-type=\"widget\" data-widget_type=\"heading.default\">\n\t\t\t\t<div class=\"elementor-widget-container\">\n\t\t\t\t\t<h2 class=\"elementor-heading-title elementor-size-default\">Proximos eventos<\/h2>\t\t\t\t<\/div>\n\t\t\t\t<\/div>\n\t\t\n\t\t<div class=\"elementor-element elementor-element-1149e35 elementor-widget elementor-widget-text-editor\" data-id=\"1149e35\" data-element_type=\"widget\" data-e-type=\"widget\" data-widget_type=\"text-editor.default\">\n\t\t\t\t<div class=\"elementor-widget-container\">\n\t\t\t\t\t\t\t\t\t<p>En <strong data-start=\"110\" data-end=\"120\">GuiaYa<\/strong>, conectamos a las personas con las mejores experiencias. Desde conciertos y festivales hasta exposiciones y actividades al aire libre, aqu\u00ed encontrar\u00e1s los eventos m\u00e1s emocionantes cerca de ti.<\/p>\t\t\t\t\t\t\t\t<\/div>\n\t\t\t\t<\/div>\n\t\t\t\t<div class=\"elementor-element elementor-element-b50cc20 elementor-widget elementor-widget-evnets-calendar\" data-id=\"b50cc20\" data-element_type=\"widget\" data-e-type=\"widget\" data-widget_type=\"evnets-calendar.default\">\n\t\t\t\t<div class=\"elementor-widget-container\">\n\t\t\t\t\t\r<style type=\"text\/css\">\r\r\r\r<\/style>\r\r<div class=\"event-calender-modern-wrap\">\r\r\r    <div class=\"event-calender-modern calender-type-wrap event-calender-modern-main\" data-ctype=\"event-calender-modern\">\r\r        <div class=\"calender-header col-md-6 background-white  pull-right\">\r\r            <div class=\"clearfix\">\r\r                <div class=\"col-md-4 text-left prev-mon-markup\"><i class=\"fa fa-angle-left\" aria-hidden=\"true\"><\/i><span class=\"get-npm btn-pm\" data-npmnum=\"03,2026\">marzo<\/span><\/div>\r\r                <div class=\"col-md-4 text-center curr-mon-markup\"><span class=\"cc-month\" data-cmn=\"04,2026\">abril 2026<\/span><\/div>\r\r                <div class=\"col-md-4 text-right next-mon-markup\"><span class=\"get-npm btn-nm\" data-npmnum=\"05,2026\">mayo<\/span><i class=\"fa fa-angle-right\" aria-hidden=\"true\"><\/i><\/div>\r\r            <\/div>\r\r        <\/div>\r\r\t\t<div class=\"calender-header-switcher col-md-6\">\r\r            <ul class=\"clearfix\">\r                <li class=\"col-md-6 text-center show-calander-map\"><i class=\"fa fa-map-marker\" aria-hidden=\"true\"><\/i> Map View<\/li>\r\r                <li class=\"col-md-6 text-center active show-calader-list\"><i class=\"fa fa-list-ul\" aria-hidden=\"true\"><\/i> List View<\/li>\r\t\t\t<\/ul>\r\r        <\/div>\r\r        <div class=\"clearfix\"><\/div>\r\r        <div class=\"event-calender-monthly\">\r\r                                <div class=\"col-md-6\">\r\n                <div class=\"modern-calender-inner-right\">\r\n                    <div class=\"row\">\r\n                        <div class=\"calender-header-moderen-date2 col-md-6\">\r\n                            <div class=\"today-event-date-container\">\r\n                                <span class=\"close-active-box\"><i class=\"fa fa-times\" aria-hidden=\"true\"><\/i><\/span>\r\n                                <p>abril 30 <span>jueves<\/span><\/p>\r\n                            <\/div>\r\n                        <\/div>\r\n                        <!--                        <div class=\"calender-header-switcher2 col-md-6 text-right\">-->\r\n                        <!--                            <ul class=\"clearfix\">-->\r\n                        <!--                                <li><i class=\"fa fa-map-marker\" aria-hidden=\"true\"><\/i><\/li>-->\r\n                        <!--                                <li class=\"active\"><i class=\"fa fa-list-ul\" aria-hidden=\"true\"><\/i><\/li>-->\r\n                        <!--                            <\/ul>-->\r\n                        <!--                        <\/div>-->\r\n                    <\/div>\r\n                                        <div class=\"event-calander-moder-map\">\r\n                        <div id=\"map\" class=\"event-calander-map\"><\/div>\r\n                    <\/div>\r\n                <\/div>\r\n            <\/div>\r\n            <div class=\"col-md-6 background-white\">\r\n                <div class=\"modern-calender-inner-left\">\r\n                                                    <div class=\"week-days-wrap\">\r\n                                                    <div class=\"week-day-box\">Dom<\/div>\r\n                                                    <div class=\"week-day-box\">Lun<\/div>\r\n                                                    <div class=\"week-day-box\">Mar<\/div>\r\n                                                    <div class=\"week-day-box\">Mi\u00e9<\/div>\r\n                                                    <div class=\"week-day-box\">Jue<\/div>\r\n                                                    <div class=\"week-day-box\">Vie<\/div>\r\n                                                    <div class=\"week-day-box\">S\u00e1b<\/div>\r\n                                                <div class=\"clearfix\"><\/div>\r\n                    <\/div>\r\n                    <div class=\"month-dates-wrap\" style=\"margin: 20px 0;\">\r\n                        <div class=\"week-days-dates-row\">\r\n                                                                                        <div class=\"week-day-date-box\"><span><\/span><\/div>\r\n                                                            <div class=\"week-day-date-box\"><span><\/span><\/div>\r\n                                                            <div class=\"week-day-date-box\"><span><\/span><\/div>\r\n                                                                                                                            <div class=\"week-day-date-box has-no-events\" data-todaytime=\"01-abril-mi\u00e9rcoles\" data-timestr=\"1775001600\" data-ewt=\"ebdt-1\"><span>1<\/span><\/div>\r\n                                                                                                                                                        <div class=\"week-day-date-box has-no-events\" data-todaytime=\"02-abril-jueves\" data-timestr=\"1775088000\" data-ewt=\"ebdt-2\"><span>2<\/span><\/div>\r\n                                                                                                                                                        <div class=\"week-day-date-box has-no-events\" data-todaytime=\"03-abril-viernes\" data-timestr=\"1775174400\" data-ewt=\"ebdt-3\"><span>3<\/span><\/div>\r\n                                                                                                                                                        <div class=\"week-day-date-box has-no-events\" data-todaytime=\"04-abril-s\u00e1bado\" data-timestr=\"1775260800\" data-ewt=\"ebdt-4\"><span>4<\/span><\/div>\r\n                                                                                                    <div class=\"clearfix\"><\/div>\r\n                                                            <\/div>\r\n                        <div class=\"week-days-dates-row\">\r\n                                                                                                                <div class=\"week-day-date-box has-no-events\" data-todaytime=\"05-abril-domingo\" data-timestr=\"1775347200\" data-ewt=\"ebdt-5\"><span>5<\/span><\/div>\r\n                                                                                                                                                        <div class=\"week-day-date-box has-no-events\" data-todaytime=\"06-abril-lunes\" data-timestr=\"1775433600\" data-ewt=\"ebdt-6\"><span>6<\/span><\/div>\r\n                                                                                                                                                        <div class=\"week-day-date-box has-no-events\" data-todaytime=\"07-abril-martes\" data-timestr=\"1775520000\" data-ewt=\"ebdt-7\"><span>7<\/span><\/div>\r\n                                                                                                                                                        <div class=\"week-day-date-box has-no-events\" data-todaytime=\"08-abril-mi\u00e9rcoles\" data-timestr=\"1775606400\" data-ewt=\"ebdt-8\"><span>8<\/span><\/div>\r\n                                                                                                                                                        <div class=\"week-day-date-box has-no-events\" data-todaytime=\"09-abril-jueves\" data-timestr=\"1775692800\" data-ewt=\"ebdt-9\"><span>9<\/span><\/div>\r\n                                                                                                                                                        <div class=\"week-day-date-box has-no-events\" data-todaytime=\"10-abril-viernes\" data-timestr=\"1775779200\" data-ewt=\"ebdt-10\"><span>10<\/span><\/div>\r\n                                                                                                                                                        <div class=\"week-day-date-box has-no-events\" data-todaytime=\"11-abril-s\u00e1bado\" data-timestr=\"1775865600\" data-ewt=\"ebdt-11\"><span>11<\/span><\/div>\r\n                                                                                                    <div class=\"clearfix\"><\/div>\r\n                                                            <\/div>\r\n                        <div class=\"week-days-dates-row\">\r\n                                                                                                                <div class=\"week-day-date-box has-no-events\" data-todaytime=\"12-abril-domingo\" data-timestr=\"1775952000\" data-ewt=\"ebdt-12\"><span>12<\/span><\/div>\r\n                                                                                                                                                        <div class=\"week-day-date-box has-no-events\" data-todaytime=\"13-abril-lunes\" data-timestr=\"1776038400\" data-ewt=\"ebdt-13\"><span>13<\/span><\/div>\r\n                                                                                                                                                        <div class=\"week-day-date-box has-no-events\" data-todaytime=\"14-abril-martes\" data-timestr=\"1776124800\" data-ewt=\"ebdt-14\"><span>14<\/span><\/div>\r\n                                                                                                                                                        <div class=\"week-day-date-box has-no-events\" data-todaytime=\"15-abril-mi\u00e9rcoles\" data-timestr=\"1776211200\" data-ewt=\"ebdt-15\"><span>15<\/span><\/div>\r\n                                                                                                                                                        <div class=\"week-day-date-box has-no-events\" data-todaytime=\"16-abril-jueves\" data-timestr=\"1776297600\" data-ewt=\"ebdt-16\"><span>16<\/span><\/div>\r\n                                                                                                                                                        <div class=\"week-day-date-box has-no-events\" data-todaytime=\"17-abril-viernes\" data-timestr=\"1776384000\" data-ewt=\"ebdt-17\"><span>17<\/span><\/div>\r\n                                                                                                                                                        <div class=\"week-day-date-box has-no-events\" data-todaytime=\"18-abril-s\u00e1bado\" data-timestr=\"1776470400\" data-ewt=\"ebdt-18\"><span>18<\/span><\/div>\r\n                                                                                                    <div class=\"clearfix\"><\/div>\r\n                                                            <\/div>\r\n                        <div class=\"week-days-dates-row\">\r\n                                                                                                                <div class=\"week-day-date-box has-no-events\" data-todaytime=\"19-abril-domingo\" data-timestr=\"1776556800\" data-ewt=\"ebdt-19\"><span>19<\/span><\/div>\r\n                                                                                                                                                        <div class=\"week-day-date-box has-no-events\" data-todaytime=\"20-abril-lunes\" data-timestr=\"1776643200\" data-ewt=\"ebdt-20\"><span>20<\/span><\/div>\r\n                                                                                                                                                        <div class=\"week-day-date-box has-no-events\" data-todaytime=\"21-abril-martes\" data-timestr=\"1776729600\" data-ewt=\"ebdt-21\"><span>21<\/span><\/div>\r\n                                                                                                                                                        <div class=\"week-day-date-box has-no-events\" data-todaytime=\"22-abril-mi\u00e9rcoles\" data-timestr=\"1776816000\" data-ewt=\"ebdt-22\"><span>22<\/span><\/div>\r\n                                                                                                                                                        <div class=\"week-day-date-box has-no-events\" data-todaytime=\"23-abril-jueves\" data-timestr=\"1776902400\" data-ewt=\"ebdt-23\"><span>23<\/span><\/div>\r\n                                                                                                                                                        <div class=\"week-day-date-box has-no-events\" data-todaytime=\"24-abril-viernes\" data-timestr=\"1776988800\" data-ewt=\"ebdt-24\"><span>24<\/span><\/div>\r\n                                                                                                                                                        <div class=\"week-day-date-box has-no-events\" data-todaytime=\"25-abril-s\u00e1bado\" data-timestr=\"1777075200\" data-ewt=\"ebdt-25\"><span>25<\/span><\/div>\r\n                                                                                                    <div class=\"clearfix\"><\/div>\r\n                                                            <\/div>\r\n                        <div class=\"week-days-dates-row\">\r\n                                                                                                                <div class=\"week-day-date-box has-no-events\" data-todaytime=\"26-abril-domingo\" data-timestr=\"1777161600\" data-ewt=\"ebdt-26\"><span>26<\/span><\/div>\r\n                                                                                                                                                        <div class=\"week-day-date-box has-no-events\" data-todaytime=\"27-abril-lunes\" data-timestr=\"1777248000\" data-ewt=\"ebdt-27\"><span>27<\/span><\/div>\r\n                                                                                                                                                        <div class=\"week-day-date-box has-no-events\" data-todaytime=\"28-abril-martes\" data-timestr=\"1777334400\" data-ewt=\"ebdt-28\"><span>28<\/span><\/div>\r\n                                                                                                                                                        <div class=\"week-day-date-box has-no-events\" data-todaytime=\"29-abril-mi\u00e9rcoles\" data-timestr=\"1777420800\" data-ewt=\"ebdt-29\"><span>29<\/span><\/div>\r\n                                                                                                                                                        <div class=\"week-day-date-box has-no-events\" data-todaytime=\"30-abril-jueves\" data-timestr=\"1777507200\" data-ewt=\"ebdt-30\">\r\n                                        <span>30<\/span>\r\n                                    <\/div>\r\n                                                                                                                                <div class=\"week-day-date-box\"><span><\/span><\/div>\r\n                                            <div class=\"week-day-date-box\"><span><\/span><\/div>\r\n                                        <div class=\"clearfix\"><\/div>\r\n                                            <\/div>\r\n                                            <\/div>\r\n                                                <\/div>\r\n            <\/div>\r\n            <div class=\"clearfix\"><\/div>\r\n                    \r        <\/div>\r\r    <\/div>\r\r    <div class=\"event-spinner\">\r\r        <i class=\"fa fa-spinner fa-spin\"><\/i>\r\r    <\/div>\r\r<\/div>\r\r\t\t\t\t<\/div>\n\t\t\t\t<\/div>\n\t\t\t\t\t<\/div>\n\t\t\t\t<\/div>\n\t\t<div class=\"elementor-element elementor-element-b190bc6 e-flex e-con-boxed e-con e-parent\" data-id=\"b190bc6\" data-element_type=\"container\" data-e-type=\"container\">\n\t\t\t\t\t<div class=\"e-con-inner\">\n\t\t\t\t<div class=\"elementor-element elementor-element-dd8fd38 elementor-widget elementor-widget-listingpro-evnets\" data-id=\"dd8fd38\" data-element_type=\"widget\" data-e-type=\"widget\" data-widget_type=\"listingpro-evnets.default\">\n\t\t\t\t<div class=\"elementor-widget-container\">\n\t\t\t\t\t    <div class=\"lp-section-content-container listingcampaings\">\n        <div class=\"lp-listings grid-style\">\n            <div class=\"row\">\n                <p>No Events Found<\/p>            <\/div>\n        <\/div>\n    <\/div>\n    \t\t\t\t<\/div>\n\t\t\t\t<\/div>\n\t\t\t\t\t<\/div>\n\t\t\t\t<\/div>\n\t\t\t\t<\/div>","protected":false},"excerpt":{"rendered":"<p>Proximos eventos En GuiaYa, conectamos a las personas con las mejores experiencias. Desde conciertos y festivales hasta exposiciones y actividades al aire libre, aqu\u00ed encontrar\u00e1s los eventos m\u00e1s emocionantes cerca [&hellip;]<\/p>\n","protected":false},"author":1,"featured_media":0,"parent":0,"menu_order":0,"comment_status":"closed","ping_status":"closed","template":"","meta":{"_monsterinsights_skip_tracking":false,"_monsterinsights_sitenote_active":false,"_monsterinsights_sitenote_note":"","_monsterinsights_sitenote_category":0,"_uf_show_specific_survey":0,"_uf_disable_surveys":false,"footnotes":""},"class_list":["post-499","page","type-page","status-publish","hentry"],"cubewp_post_meta":[],"taxonomies":[],"_links":{"self":[{"href":"https:\/\/guiaya.com.pa\/es\/wp-json\/wp\/v2\/pages\/499","targetHints":{"allow":["GET"]}}],"collection":[{"href":"https:\/\/guiaya.com.pa\/es\/wp-json\/wp\/v2\/pages"}],"about":[{"href":"https:\/\/guiaya.com.pa\/es\/wp-json\/wp\/v2\/types\/page"}],"author":[{"embeddable":true,"href":"https:\/\/guiaya.com.pa\/es\/wp-json\/wp\/v2\/users\/1"}],"replies":[{"embeddable":true,"href":"https:\/\/guiaya.com.pa\/es\/wp-json\/wp\/v2\/comments?post=499"}],"version-history":[{"count":21,"href":"https:\/\/guiaya.com.pa\/es\/wp-json\/wp\/v2\/pages\/499\/revisions"}],"predecessor-version":[{"id":1498,"href":"https:\/\/guiaya.com.pa\/es\/wp-json\/wp\/v2\/pages\/499\/revisions\/1498"}],"wp:attachment":[{"href":"https:\/\/guiaya.com.pa\/es\/wp-json\/wp\/v2\/media?parent=499"}],"curies":[{"name":"wp","href":"https:\/\/api.w.org\/{rel}","templated":true}]}}